{"id":52,"date":"2014-08-01T16:07:50","date_gmt":"2014-08-01T14:07:50","guid":{"rendered":"https:\/\/dr-thomas-gruber.com\/?page_id=52"},"modified":"2025-03-15T16:08:59","modified_gmt":"2025-03-15T14:08:59","slug":"curriculum-vitae","status":"publish","type":"page","link":"https:\/\/dr-thomas-gruber.com\/","title":{"rendered":"Willkommen!"},"content":{"rendered":"<div class=\"wp-block-image\">\n<figure class=\"alignright\"><a href=\"https:\/\/dr-thomas-gruber.com\/wp-content\/uploads\/2015\/01\/image1-1.jpg\"><img loading=\"lazy\" decoding=\"async\" width=\"250\" height=\"250\" src=\"https:\/\/dr-thomas-gruber.com\/wp-content\/uploads\/2015\/01\/image1-1.jpg\" alt=\"image1 (1)\" class=\"wp-image-211\" srcset=\"https:\/\/dr-thomas-gruber.com\/wp-content\/uploads\/2015\/01\/image1-1.jpg 250w, https:\/\/dr-thomas-gruber.com\/wp-content\/uploads\/2015\/01\/image1-1-150x150.jpg 150w\" sizes=\"auto, (max-width: 250px) 100vw, 250px\" \/><\/a><\/figure>\n<\/div>\n\n\n<p>Bevor ich Medizin studierte, absolvierte ich eine Ingenieursausbildung in Wien (TGM -Nachrichtentechnik ) mit anschlie\u00dfender Feinmechanik Ausbildung. W\u00e4hrend meines Studiums an der Universit\u00e4t Wien habe ich immer wieder im Forschungszentrum der Fa. Siemens in Erlangen (Deutschland) an dem, damals neuen 4 Tesla Kernspintomografen (1994-96) mitentwickelt.<\/p>\n\n\n\n<p>In der Medizin hat mich immer die Zusammenf\u00fchrung meiner 2 Berufe interessiert.<\/p>\n\n\n\n<p>Naheliegend war daher nach dem Studium der Medizin in Wien, eine m\u00f6glichst medizinisch- technische Ausrichtung.<\/p>\n\n\n\n<p>1996 habe ich dann auch meinen Facharzt f\u00fcr Orthop\u00e4die und Orthop\u00e4dische Chirurgie am<\/p>\n\n\n\n<p>orthop\u00e4dischen Krankenhaus Gersthof in Wien abgeschlossen.<\/p>\n\n\n\n<p>Die technische Seite hat mich nie losgelassen, weshalb ich mir auch eine eigene Werkst\u00e4tte mit diversen Metallbearbeitungsmaschinen wie Fr\u00e4s- und Drehb\u00e4nken zugelegt habe, wo ich selbst auch anspruchsvollere medizinisch technische Prototypen bauen konnte und kann.<\/p>\n\n\n\n<p>Schon seit 1984 zog es mich immer wieder zu meinem kleinen Ferienh\u00e4uschen an den Traunsee. Ich bin verheiratet und habe zwei aufgeweckte Kinder.<\/p>\n\n\n\n<p>Es war daher naheliegend 1997, die damals neuentstandene Orthop\u00e4die in Gmunden mitaufzubauen, wo ich seither als orthop\u00e4disch chirurgisch t\u00e4tiger Facharzt im mittlerweile gr\u00f6\u00dferen Klinikum Salzkammergut in Gmunden t\u00e4tig bin.<\/p>\n\n\n\n<p>Seit 1997 besteht auch meine Ordination in Bad Ischl.<\/p>\n\n\n\n<p>Im Laufe der Zeit habe ich versucht einige meiner technisch-medizinischen Ideen umzusetzen.<\/p>\n\n\n\n<p>So entstanden immer wieder Prototypen von Instrumenten, einige auch mit Patenten, die dann von Firmen in Serie gebaut wurden und werden.<\/p>\n\n\n\n<p>Einige meiner Entwicklungen sind zum Beispiel der heute in der endoskopischen Chirurgie in fast jedem Spital weltweit verwendete Endobag, diverse Schneidelehren, spezielle H\u00fcftpfannenfr\u00e4ser, Bergekatheter sowie noch einige andere OP-Instrumente.<\/p>\n\n\n\n<p>Besondere Freude bereiten mir, nicht allt\u00e4gliche operative Problemstellungen, die dann abseits der Routineoperationen doch mit viel Einfallsreichtum und T\u00fcftelei zu l\u00f6sen sind. (siehe auch: \u201eBeispiele von besonderen operativen F\u00e4llen\u201c)<\/p>\n","protected":false},"excerpt":{"rendered":"<p>Bevor ich Medizin studierte, absolvierte ich eine Ingenieursausbildung in Wien (TGM -Nachrichtentechnik ) mit anschlie\u00dfender Feinmechanik Ausbildung. W\u00e4hrend meines Studiums an der Universit\u00e4t Wien habe ich immer wieder im Forschungszentrum der Fa. Siemens in Erlangen (Deutschland) an dem, damals neuen 4 Tesla Kernspintomografen (1994-96) mitentwickelt. In der Medizin hat mich immer die Zusammenf\u00fchrung meiner 2 &#8230; <a title=\"Willkommen!\" class=\"read-more\" href=\"https:\/\/dr-thomas-gruber.com\/\" aria-label=\"Read more about Willkommen!\">Read more<\/a><\/p>\n","protected":false},"author":1,"featured_media":0,"parent":0,"menu_order":0,"comment_status":"closed","ping_status":"open","template":"","meta":{"_exactmetrics_skip_tracking":false,"_exactmetrics_sitenote_active":false,"_exactmetrics_sitenote_note":"","_exactmetrics_sitenote_category":0,"footnotes":""},"class_list":["post-52","page","type-page","status-publish"],"_links":{"self":[{"href":"https:\/\/dr-thomas-gruber.com\/index.php?rest_route=\/wp\/v2\/pages\/52","targetHints":{"allow":["GET"]}}],"collection":[{"href":"https:\/\/dr-thomas-gruber.com\/index.php?rest_route=\/wp\/v2\/pages"}],"about":[{"href":"https:\/\/dr-thomas-gruber.com\/index.php?rest_route=\/wp\/v2\/types\/page"}],"author":[{"embeddable":true,"href":"https:\/\/dr-thomas-gruber.com\/index.php?rest_route=\/wp\/v2\/users\/1"}],"replies":[{"embeddable":true,"href":"https:\/\/dr-thomas-gruber.com\/index.php?rest_route=%2Fwp%2Fv2%2Fcomments&post=52"}],"version-history":[{"count":0,"href":"https:\/\/dr-thomas-gruber.com\/index.php?rest_route=\/wp\/v2\/pages\/52\/revisions"}],"wp:attachment":[{"href":"https:\/\/dr-thomas-gruber.com\/index.php?rest_route=%2Fwp%2Fv2%2Fmedia&parent=52"}],"curies":[{"name":"wp","href":"https:\/\/api.w.org\/{rel}","templated":true}]}}