{"id":350,"date":"2015-01-21T02:10:11","date_gmt":"2015-01-21T00:10:11","guid":{"rendered":"https:\/\/dr-thomas-gruber.com\/?page_id=350"},"modified":"2025-03-15T16:07:30","modified_gmt":"2025-03-15T14:07:30","slug":"sagelehren-fur-die-vorfuschirurgie","status":"publish","type":"page","link":"https:\/\/dr-thomas-gruber.com\/?page_id=350","title":{"rendered":"S\u00e4gelehren f\u00fcr die Vorfu\u00dfchirurgie"},"content":{"rendered":"","protected":false},"excerpt":{"rendered":"","protected":false},"author":1,"featured_media":0,"parent":0,"menu_order":0,"comment_status":"closed","ping_status":"open","template":"","meta":{"_exactmetrics_skip_tracking":false,"_exactmetrics_sitenote_active":false,"_exactmetrics_sitenote_note":"","_exactmetrics_sitenote_category":0,"footnotes":""},"class_list":["post-350","page","type-page","status-publish"],"_links":{"self":[{"href":"https:\/\/dr-thomas-gruber.com\/index.php?rest_route=\/wp\/v2\/pages\/350","targetHints":{"allow":["GET"]}}],"collection":[{"href":"https:\/\/dr-thomas-gruber.com\/index.php?rest_route=\/wp\/v2\/pages"}],"about":[{"href":"https:\/\/dr-thomas-gruber.com\/index.php?rest_route=\/wp\/v2\/types\/page"}],"author":[{"embeddable":true,"href":"https:\/\/dr-thomas-gruber.com\/index.php?rest_route=\/wp\/v2\/users\/1"}],"replies":[{"embeddable":true,"href":"https:\/\/dr-thomas-gruber.com\/index.php?rest_route=%2Fwp%2Fv2%2Fcomments&post=350"}],"version-history":[{"count":0,"href":"https:\/\/dr-thomas-gruber.com\/index.php?rest_route=\/wp\/v2\/pages\/350\/revisions"}],"wp:attachment":[{"href":"https:\/\/dr-thomas-gruber.com\/index.php?rest_route=%2Fwp%2Fv2%2Fmedia&parent=350"}],"curies":[{"name":"wp","href":"https:\/\/api.w.org\/{rel}","templated":true}]}}