{"id":334,"date":"2015-01-21T02:09:00","date_gmt":"2015-01-21T00:09:00","guid":{"rendered":"https:\/\/dr-thomas-gruber.com\/?page_id=334"},"modified":"2025-03-15T16:06:41","modified_gmt":"2025-03-15T14:06:41","slug":"haltevorrichtung-fur-die-huftchirurgie","status":"publish","type":"page","link":"https:\/\/dr-thomas-gruber.com\/?page_id=334","title":{"rendered":"Haltevorrichtung f\u00fcr die H\u00fcftchirurgie"},"content":{"rendered":"<p>In der H\u00fcftchirurgie sind normalerweise au\u00dfer dem Operateur noch zwei Assistenten notwendig. Ich habe ein einfaches, nicht aufwendiges und daher auch nicht teures Haltesystem entwickelt, das die 2. Assistenz bei der H\u00fcftchirurgie ersetzen kann. Da das Haltesystem bei der Operation komplett  abgedeckt wird, kann es ohne zeitaufwendiger und kostenintensiver Resterilisierung jederzeit verwendet werden und spart somit Kosten und Personal.<\/p>\n","protected":false},"excerpt":{"rendered":"<p>In der H\u00fcftchirurgie sind normalerweise au\u00dfer dem Operateur noch zwei Assistenten notwendig. Ich habe ein einfaches, nicht aufwendiges und daher auch nicht teures Haltesystem entwickelt, das die 2. Assistenz bei der H\u00fcftchirurgie ersetzen kann. Da das Haltesystem bei der Operation komplett abgedeckt wird, kann es ohne zeitaufwendiger und kostenintensiver Resterilisierung jederzeit verwendet werden und spart &#8230; <a title=\"Haltevorrichtung f\u00fcr die H\u00fcftchirurgie\" class=\"read-more\" href=\"https:\/\/dr-thomas-gruber.com\/?page_id=334\" aria-label=\"Read more about Haltevorrichtung f\u00fcr die H\u00fcftchirurgie\">Read more<\/a><\/p>\n","protected":false},"author":1,"featured_media":0,"parent":0,"menu_order":0,"comment_status":"closed","ping_status":"open","template":"","meta":{"_exactmetrics_skip_tracking":false,"_exactmetrics_sitenote_active":false,"_exactmetrics_sitenote_note":"","_exactmetrics_sitenote_category":0,"footnotes":""},"class_list":["post-334","page","type-page","status-publish"],"_links":{"self":[{"href":"https:\/\/dr-thomas-gruber.com\/index.php?rest_route=\/wp\/v2\/pages\/334","targetHints":{"allow":["GET"]}}],"collection":[{"href":"https:\/\/dr-thomas-gruber.com\/index.php?rest_route=\/wp\/v2\/pages"}],"about":[{"href":"https:\/\/dr-thomas-gruber.com\/index.php?rest_route=\/wp\/v2\/types\/page"}],"author":[{"embeddable":true,"href":"https:\/\/dr-thomas-gruber.com\/index.php?rest_route=\/wp\/v2\/users\/1"}],"replies":[{"embeddable":true,"href":"https:\/\/dr-thomas-gruber.com\/index.php?rest_route=%2Fwp%2Fv2%2Fcomments&post=334"}],"version-history":[{"count":0,"href":"https:\/\/dr-thomas-gruber.com\/index.php?rest_route=\/wp\/v2\/pages\/334\/revisions"}],"wp:attachment":[{"href":"https:\/\/dr-thomas-gruber.com\/index.php?rest_route=%2Fwp%2Fv2%2Fmedia&parent=334"}],"curies":[{"name":"wp","href":"https:\/\/api.w.org\/{rel}","templated":true}]}}