{"id":256,"date":"2015-01-07T06:08:47","date_gmt":"2015-01-07T04:08:47","guid":{"rendered":"https:\/\/dr-thomas-gruber.com\/?page_id=256"},"modified":"2025-03-15T16:06:41","modified_gmt":"2025-03-15T14:06:41","slug":"45-x-beinfehlstellung","status":"publish","type":"page","link":"https:\/\/dr-thomas-gruber.com\/?page_id=256","title":{"rendered":"45\u00b0 X-Beinfehlstellung"},"content":{"rendered":"\n<p style=\"padding-top:var(--wp--preset--spacing--50);padding-bottom:var(--wp--preset--spacing--50)\">Gr\u00f6\u00dfere X-Beinfehlstellungen der Kniegelenke sind in der Regel schwieriger zu korrigieren als O-Beinfehlstellungen. In diesem Fall einer 45Grad Fehlstellung des Kniegelenkes in Streckstellung, war eine, die Knieb\u00e4nder ersetzende gekoppelte Knieendoprothese mit l\u00e4ngeren, in den Knochenschaft von Ober- und Unterschenkelknochen reichenden Abst\u00fctzungen notwendig.<\/p>\n\n\n\n<p style=\"padding-top:0;padding-bottom:0\">&nbsp;<\/p>\n","protected":false},"excerpt":{"rendered":"<p>Gr\u00f6\u00dfere X-Beinfehlstellungen der Kniegelenke sind in der Regel schwieriger zu korrigieren als O-Beinfehlstellungen. In diesem Fall einer 45Grad Fehlstellung des Kniegelenkes in Streckstellung, war eine, die Knieb\u00e4nder ersetzende gekoppelte Knieendoprothese mit l\u00e4ngeren, in den Knochenschaft von Ober- und Unterschenkelknochen reichenden Abst\u00fctzungen notwendig. &nbsp;<\/p>\n","protected":false},"author":1,"featured_media":0,"parent":0,"menu_order":0,"comment_status":"closed","ping_status":"open","template":"","meta":{"_exactmetrics_skip_tracking":false,"_exactmetrics_sitenote_active":false,"_exactmetrics_sitenote_note":"","_exactmetrics_sitenote_category":0,"footnotes":""},"class_list":["post-256","page","type-page","status-publish"],"_links":{"self":[{"href":"https:\/\/dr-thomas-gruber.com\/index.php?rest_route=\/wp\/v2\/pages\/256","targetHints":{"allow":["GET"]}}],"collection":[{"href":"https:\/\/dr-thomas-gruber.com\/index.php?rest_route=\/wp\/v2\/pages"}],"about":[{"href":"https:\/\/dr-thomas-gruber.com\/index.php?rest_route=\/wp\/v2\/types\/page"}],"author":[{"embeddable":true,"href":"https:\/\/dr-thomas-gruber.com\/index.php?rest_route=\/wp\/v2\/users\/1"}],"replies":[{"embeddable":true,"href":"https:\/\/dr-thomas-gruber.com\/index.php?rest_route=%2Fwp%2Fv2%2Fcomments&post=256"}],"version-history":[{"count":0,"href":"https:\/\/dr-thomas-gruber.com\/index.php?rest_route=\/wp\/v2\/pages\/256\/revisions"}],"wp:attachment":[{"href":"https:\/\/dr-thomas-gruber.com\/index.php?rest_route=%2Fwp%2Fv2%2Fmedia&parent=256"}],"curies":[{"name":"wp","href":"https:\/\/api.w.org\/{rel}","templated":true}]}}