{"id":190,"date":"2015-01-07T01:25:56","date_gmt":"2015-01-06T23:25:56","guid":{"rendered":"https:\/\/dr-thomas-gruber.com\/?page_id=190"},"modified":"2025-03-15T16:06:41","modified_gmt":"2025-03-15T14:06:41","slug":"entwicklungen-patente","status":"publish","type":"page","link":"https:\/\/dr-thomas-gruber.com\/?page_id=190","title":{"rendered":"Entwicklungen und Patente"},"content":{"rendered":"\n<p style=\"padding-top:var(--wp--preset--spacing--50);padding-bottom:var(--wp--preset--spacing--50)\">Beispiele von einigen meiner Entwicklungen in der Medizin, manche auch mit Patentanmeldungen<\/p>\n\n\n\n<h3 class=\"wp-block-heading\"><a title=\"Endobag\" href=\"https:\/\/dr-thomas-gruber.com\/?page_id=332\">Endobag<\/a><\/h3>\n\n\n\n<h3 class=\"wp-block-heading\"><a title=\"Haltevorrichtung f\u00fcr die H\u00fcftchirurgie\" href=\"https:\/\/dr-thomas-gruber.com\/?page_id=334\">Haltevorrichtung f\u00fcr die H\u00fcftchirurgie<\/a><\/h3>\n\n\n\n<h3 class=\"wp-block-heading\"><a title=\"Konstruktion eines custom made Korrekturh\u00fcftinlays\" href=\"https:\/\/dr-thomas-gruber.com\/?page_id=336\">Konstruktion eines custom made Korrekturh\u00fcftinlays<\/a><\/h3>\n\n\n\n<h3 class=\"wp-block-heading\"><a title=\"Konstruktion eines custum made Endonagel\" href=\"https:\/\/dr-thomas-gruber.com\/?page_id=338\">Konstruktion eines custum made Endonagel<\/a><\/h3>\n\n\n\n<h3 class=\"wp-block-heading\"><a title=\"Prototyp des Medialisierungsfr\u00e4sers f\u00fcr die H\u00fcftchirurgie\" href=\"https:\/\/dr-thomas-gruber.com\/?page_id=342\">Prototyp des Medialisierungsfr\u00e4sers f\u00fcr die H\u00fcftchirurgie<\/a><\/h3>\n\n\n\n<h3 class=\"wp-block-heading\"><a title=\"Radiologischer Winkelmesser\" href=\"https:\/\/dr-thomas-gruber.com\/?page_id=344\">Radiologischer Winkelmesser<\/a><\/h3>\n\n\n\n<h3 class=\"wp-block-heading\"><a title=\"Repositionsl\u00f6ffel f\u00fcr die H\u00fcftchirurgie\" href=\"https:\/\/dr-thomas-gruber.com\/?page_id=346\">Repositionsl\u00f6ffel f\u00fcr die H\u00fcftchirurgie<\/a><\/h3>\n\n\n\n<h3 class=\"wp-block-heading\"><a title=\"S\u00e4gelehre f\u00fcr exakte Femurverk\u00fcrzung\" href=\"https:\/\/dr-thomas-gruber.com\/?page_id=348\">S\u00e4gelehre f\u00fcr exakte Femurverk\u00fcrzung<\/a><\/h3>\n\n\n\n<h3 class=\"wp-block-heading\"><a title=\"S\u00e4gelehren f\u00fcr die Vorfu\u00dfchirurgie\" href=\"https:\/\/dr-thomas-gruber.com\/?page_id=350\">S\u00e4gelehren f\u00fcr die Vorfu\u00dfchirurgie<\/a><\/h3>\n","protected":false},"excerpt":{"rendered":"<p>Beispiele von einigen meiner Entwicklungen in der Medizin, manche auch mit Patentanmeldungen Endobag Haltevorrichtung f\u00fcr die H\u00fcftchirurgie Konstruktion eines custom made Korrekturh\u00fcftinlays Konstruktion eines custum made Endonagel Prototyp des Medialisierungsfr\u00e4sers f\u00fcr die H\u00fcftchirurgie Radiologischer Winkelmesser Repositionsl\u00f6ffel f\u00fcr die H\u00fcftchirurgie S\u00e4gelehre f\u00fcr exakte Femurverk\u00fcrzung S\u00e4gelehren f\u00fcr die Vorfu\u00dfchirurgie<\/p>\n","protected":false},"author":1,"featured_media":0,"parent":0,"menu_order":0,"comment_status":"closed","ping_status":"open","template":"","meta":{"_exactmetrics_skip_tracking":false,"_exactmetrics_sitenote_active":false,"_exactmetrics_sitenote_note":"","_exactmetrics_sitenote_category":0,"footnotes":""},"class_list":["post-190","page","type-page","status-publish"],"_links":{"self":[{"href":"https:\/\/dr-thomas-gruber.com\/index.php?rest_route=\/wp\/v2\/pages\/190","targetHints":{"allow":["GET"]}}],"collection":[{"href":"https:\/\/dr-thomas-gruber.com\/index.php?rest_route=\/wp\/v2\/pages"}],"about":[{"href":"https:\/\/dr-thomas-gruber.com\/index.php?rest_route=\/wp\/v2\/types\/page"}],"author":[{"embeddable":true,"href":"https:\/\/dr-thomas-gruber.com\/index.php?rest_route=\/wp\/v2\/users\/1"}],"replies":[{"embeddable":true,"href":"https:\/\/dr-thomas-gruber.com\/index.php?rest_route=%2Fwp%2Fv2%2Fcomments&post=190"}],"version-history":[{"count":0,"href":"https:\/\/dr-thomas-gruber.com\/index.php?rest_route=\/wp\/v2\/pages\/190\/revisions"}],"wp:attachment":[{"href":"https:\/\/dr-thomas-gruber.com\/index.php?rest_route=%2Fwp%2Fv2%2Fmedia&parent=190"}],"curies":[{"name":"wp","href":"https:\/\/api.w.org\/{rel}","templated":true}]}}