{"id":188,"date":"2015-01-07T01:25:22","date_gmt":"2015-01-06T23:25:22","guid":{"rendered":"https:\/\/dr-thomas-gruber.com\/?page_id=188"},"modified":"2025-03-15T16:07:17","modified_gmt":"2025-03-15T14:07:17","slug":"videos","status":"publish","type":"page","link":"https:\/\/dr-thomas-gruber.com\/?page_id=188","title":{"rendered":"Videos"},"content":{"rendered":"<p>Jeder dieser Patienten den Sie hier auf den folgenden Videos unmittelbar wenige Tage nach der Operation einer Knie oder H\u00fcftendoprothese sehen hat 6Wochen im Anschluss an die Operation eine Entlastung mit 2 Unterarm-St\u00fctzkr\u00fccken eingehalten um das Einwachsen der Prothese ohne Mikrobewegungen zu erm\u00f6glichen. Der unmittelbar nach der Operation m\u00f6gliche, nahezu freie Gang der Patienten ist nur m\u00f6glich <strong>weil ich bei der Operation keine Muskulatur besch\u00e4dige. Eine einmal besch\u00e4digte oder bei der Operation durchtrennte Muskulatur kann auch in Zukunft nie mehr wiederhergestellt werden.<br \/>\n<strong><br \/>\nDaher wichtig:<\/p>\n<p>Ich zeige jedem Patienten dass er aufgrund der unbesch\u00e4digten Muskulatur unmittelbar nach der Operation nahezu frei gehen kann, er soll es aber im Anschluss nicht mehr tun, was auch alle auf diesen Videos gezeigte Patienten eingehalten haben!<\/strong><\/p>\n<p>Der Sinn dahinter ist den Patienten die Angst vor der Mobilisation zu nehmen. Das Gangbild wird danach auch unter Entlastung mit Kr\u00fccken deutlich besser!<br \/>\n.<\/p>\n<div style=\"text-align: center;\">\n<p><iframe loading=\"lazy\" title=\"HTEP 4Tre 10Tli\" width=\"300\" height=\"169\" src=\"https:\/\/www.youtube.com\/embed\/C8Iywng40YA?wmode=transparent&amp;rel=0&amp;feature=oembed\" frameborder=\"0\" allow=\"accelerometer; autoplay; clipboard-write; encrypted-media; gyroscope; picture-in-picture; web-share\" referrerpolicy=\"strict-origin-when-cross-origin\" allowfullscreen><\/iframe><\/p>\n<p><iframe loading=\"lazy\" title=\"20130310 Nessmann 3postop\" width=\"300\" height=\"169\" src=\"https:\/\/www.youtube.com\/embed\/l6s7LS34fJY?wmode=transparent&amp;rel=0&amp;feature=oembed\" frameborder=\"0\" allow=\"accelerometer; autoplay; clipboard-write; encrypted-media; gyroscope; picture-in-picture; web-share\" referrerpolicy=\"strict-origin-when-cross-origin\" allowfullscreen><\/iframe><\/p>\n<p>&nbsp;<\/p>\n<p><iframe loading=\"lazy\" title=\"HTEP   li 6T\" width=\"300\" height=\"169\" src=\"https:\/\/www.youtube.com\/embed\/HHBINwDtg84?wmode=transparent&amp;rel=0&amp;feature=oembed\" frameborder=\"0\" allow=\"accelerometer; autoplay; clipboard-write; encrypted-media; gyroscope; picture-in-picture; web-share\" referrerpolicy=\"strict-origin-when-cross-origin\" allowfullscreen><\/iframe><\/p>\n<p><iframe loading=\"lazy\" title=\"HTEP  li 4T\" width=\"300\" height=\"169\" src=\"https:\/\/www.youtube.com\/embed\/gmWo_y_iLqw?wmode=transparent&amp;rel=0&amp;feature=oembed\" frameborder=\"0\" allow=\"accelerometer; autoplay; clipboard-write; encrypted-media; gyroscope; picture-in-picture; web-share\" referrerpolicy=\"strict-origin-when-cross-origin\" allowfullscreen><\/iframe><\/p>\n<p>&nbsp;<\/p>\n<p><iframe loading=\"lazy\" title=\"HTEP 7T\" width=\"300\" height=\"169\" src=\"https:\/\/www.youtube.com\/embed\/IEdBVGnSjLc?wmode=transparent&amp;rel=0&amp;feature=oembed\" frameborder=\"0\" allow=\"accelerometer; autoplay; clipboard-write; encrypted-media; gyroscope; picture-in-picture; web-share\" referrerpolicy=\"strict-origin-when-cross-origin\" allowfullscreen><\/iframe><\/p>\n<p><iframe loading=\"lazy\" title=\"HTEP li 4T\" width=\"300\" height=\"169\" src=\"https:\/\/www.youtube.com\/embed\/B-xoYE34Phs?wmode=transparent&amp;rel=0&amp;feature=oembed\" frameborder=\"0\" allow=\"accelerometer; autoplay; clipboard-write; encrypted-media; gyroscope; picture-in-picture; web-share\" referrerpolicy=\"strict-origin-when-cross-origin\" allowfullscreen><\/iframe><\/p>\n<p>&nbsp;<\/p>\n<p><iframe loading=\"lazy\" title=\"HTEP li 6 Tag\" width=\"300\" height=\"169\" src=\"https:\/\/www.youtube.com\/embed\/dj-TFEBiMR4?wmode=transparent&amp;rel=0&amp;feature=oembed\" frameborder=\"0\" allow=\"accelerometer; autoplay; clipboard-write; encrypted-media; gyroscope; picture-in-picture; web-share\" referrerpolicy=\"strict-origin-when-cross-origin\" allowfullscreen><\/iframe><\/p>\n<p><iframe loading=\"lazy\" title=\"HTEP re 1T\" width=\"300\" height=\"169\" src=\"https:\/\/www.youtube.com\/embed\/KP9AG2zEWFc?wmode=transparent&amp;rel=0&amp;feature=oembed\" frameborder=\"0\" allow=\"accelerometer; autoplay; clipboard-write; encrypted-media; gyroscope; picture-in-picture; web-share\" referrerpolicy=\"strict-origin-when-cross-origin\" allowfullscreen><\/iframe><\/p>\n<p>&nbsp;<\/p>\n<p><iframe loading=\"lazy\" title=\"HTEP re 4T\" width=\"300\" height=\"169\" src=\"https:\/\/www.youtube.com\/embed\/JbF1Z3i951k?wmode=transparent&amp;rel=0&amp;feature=oembed\" frameborder=\"0\" allow=\"accelerometer; autoplay; clipboard-write; encrypted-media; gyroscope; picture-in-picture; web-share\" referrerpolicy=\"strict-origin-when-cross-origin\" allowfullscreen><\/iframe><\/p>\n<p><iframe loading=\"lazy\" title=\"HTEP re 6T\" width=\"300\" height=\"169\" src=\"https:\/\/www.youtube.com\/embed\/AxYUnDcdAjg?wmode=transparent&amp;rel=0&amp;feature=oembed\" frameborder=\"0\" allow=\"accelerometer; autoplay; clipboard-write; encrypted-media; gyroscope; picture-in-picture; web-share\" referrerpolicy=\"strict-origin-when-cross-origin\" allowfullscreen><\/iframe><\/p>\n<p>&nbsp;<\/p>\n<p><iframe loading=\"lazy\" title=\"Hyprocure+Dweyer\" width=\"300\" height=\"169\" src=\"https:\/\/www.youtube.com\/embed\/B6gTqcMjuz8?wmode=transparent&amp;rel=0&amp;feature=oembed\" frameborder=\"0\" allow=\"accelerometer; autoplay; clipboard-write; encrypted-media; gyroscope; picture-in-picture; web-share\" referrerpolicy=\"strict-origin-when-cross-origin\" allowfullscreen><\/iframe><\/p>\n<p><iframe loading=\"lazy\" title=\"KTEP li  5T\" width=\"300\" height=\"169\" src=\"https:\/\/www.youtube.com\/embed\/R6FatUgw8bs?wmode=transparent&amp;rel=0&amp;feature=oembed\" frameborder=\"0\" allow=\"accelerometer; autoplay; clipboard-write; encrypted-media; gyroscope; picture-in-picture; web-share\" referrerpolicy=\"strict-origin-when-cross-origin\" allowfullscreen><\/iframe><\/p>\n<p>&nbsp;<\/p>\n<p><iframe loading=\"lazy\" title=\"KTEP li 5 T\" width=\"300\" height=\"169\" src=\"https:\/\/www.youtube.com\/embed\/SvU8iwzTkxs?wmode=transparent&amp;rel=0&amp;feature=oembed\" frameborder=\"0\" allow=\"accelerometer; autoplay; clipboard-write; encrypted-media; gyroscope; picture-in-picture; web-share\" referrerpolicy=\"strict-origin-when-cross-origin\" allowfullscreen><\/iframe><\/p>\n<p><iframe loading=\"lazy\" title=\"KTEP re 5T\" width=\"300\" height=\"169\" src=\"https:\/\/www.youtube.com\/embed\/ks4Ccbq1VJc?wmode=transparent&amp;rel=0&amp;feature=oembed\" frameborder=\"0\" allow=\"accelerometer; autoplay; clipboard-write; encrypted-media; gyroscope; picture-in-picture; web-share\" referrerpolicy=\"strict-origin-when-cross-origin\" allowfullscreen><\/iframe><\/p>\n<p>&nbsp;<\/p>\n<p><iframe loading=\"lazy\" title=\"Nessmann\" width=\"300\" height=\"169\" src=\"https:\/\/www.youtube.com\/embed\/W98-NaSrZ0Y?wmode=transparent&amp;rel=0&amp;feature=oembed\" frameborder=\"0\" allow=\"accelerometer; autoplay; clipboard-write; encrypted-media; gyroscope; picture-in-picture; web-share\" referrerpolicy=\"strict-origin-when-cross-origin\" allowfullscreen><\/iframe><\/p>\n<p><iframe loading=\"lazy\" title=\"Schulterendoprothese li 20121205\" width=\"300\" height=\"169\" src=\"https:\/\/www.youtube.com\/embed\/GgjQ1Pu02Sc?wmode=transparent&amp;rel=0&amp;feature=oembed\" frameborder=\"0\" allow=\"accelerometer; autoplay; clipboard-write; encrypted-media; gyroscope; picture-in-picture; web-share\" referrerpolicy=\"strict-origin-when-cross-origin\" allowfullscreen><\/iframe><\/p>\n<\/div>\n","protected":false},"excerpt":{"rendered":"<p>Jeder dieser Patienten den Sie hier auf den folgenden Videos unmittelbar wenige Tage nach der Operation einer Knie oder H\u00fcftendoprothese sehen hat 6Wochen im Anschluss an die Operation eine Entlastung mit 2 Unterarm-St\u00fctzkr\u00fccken eingehalten um das Einwachsen der Prothese ohne Mikrobewegungen zu erm\u00f6glichen. Der unmittelbar nach der Operation m\u00f6gliche, nahezu freie Gang der Patienten ist &#8230; <a title=\"Videos\" class=\"read-more\" href=\"https:\/\/dr-thomas-gruber.com\/?page_id=188\" aria-label=\"Read more about Videos\">Read more<\/a><\/p>\n","protected":false},"author":1,"featured_media":0,"parent":0,"menu_order":0,"comment_status":"closed","ping_status":"open","template":"","meta":{"_exactmetrics_skip_tracking":false,"_exactmetrics_sitenote_active":false,"_exactmetrics_sitenote_note":"","_exactmetrics_sitenote_category":0,"footnotes":""},"class_list":["post-188","page","type-page","status-publish"],"_links":{"self":[{"href":"https:\/\/dr-thomas-gruber.com\/index.php?rest_route=\/wp\/v2\/pages\/188","targetHints":{"allow":["GET"]}}],"collection":[{"href":"https:\/\/dr-thomas-gruber.com\/index.php?rest_route=\/wp\/v2\/pages"}],"about":[{"href":"https:\/\/dr-thomas-gruber.com\/index.php?rest_route=\/wp\/v2\/types\/page"}],"author":[{"embeddable":true,"href":"https:\/\/dr-thomas-gruber.com\/index.php?rest_route=\/wp\/v2\/users\/1"}],"replies":[{"embeddable":true,"href":"https:\/\/dr-thomas-gruber.com\/index.php?rest_route=%2Fwp%2Fv2%2Fcomments&post=188"}],"version-history":[{"count":0,"href":"https:\/\/dr-thomas-gruber.com\/index.php?rest_route=\/wp\/v2\/pages\/188\/revisions"}],"wp:attachment":[{"href":"https:\/\/dr-thomas-gruber.com\/index.php?rest_route=%2Fwp%2Fv2%2Fmedia&parent=188"}],"curies":[{"name":"wp","href":"https:\/\/api.w.org\/{rel}","templated":true}]}}