{"id":186,"date":"2015-01-07T01:25:13","date_gmt":"2015-01-06T23:25:13","guid":{"rendered":"https:\/\/dr-thomas-gruber.com\/?page_id=186"},"modified":"2025-03-15T16:07:30","modified_gmt":"2025-03-15T14:07:30","slug":"operationen","status":"publish","type":"page","link":"https:\/\/dr-thomas-gruber.com\/?page_id=186","title":{"rendered":"Operationen"},"content":{"rendered":"<h3 style=\"text-align: center;\"><a title=\"H\u00fcftendoprothetik\" href=\"https:\/\/dr-thomas-gruber.com\/?page_id=228\">H\u00fcftendoprothetik<\/a><\/h3>\n<h3 style=\"text-align: center;\"><a title=\"Knieendoprothetik\" href=\"https:\/\/dr-thomas-gruber.com\/?page_id=230\">Knieendoprothetik<\/a><\/h3>\n<h3 style=\"text-align: center;\"><a title=\"Fu\u00dfchirurgie\" href=\"https:\/\/dr-thomas-gruber.com\/?page_id=232\">Fu\u00dfchirurgie<\/a><a title=\"uuu\" href=\"https:\/\/dr-thomas-gruber.com\/?page_id=402\"><\/a><\/h3>\n<h3 style=\"text-align: center;\"><a title=\"Schulterchirurgie\" href=\"https:\/\/dr-thomas-gruber.com\/?page_id=234\">Schulterchirurgie<\/a><\/h3>\n<h3 style=\"text-align: center;\"><a title=\"Handchirurgie\" href=\"https:\/\/dr-thomas-gruber.com\/?page_id=236\">Handchirurgie<\/a><\/h3>\n<h3 style=\"text-align: center;\"><a title=\"Knorpelzellz\u00fcchtungen\" href=\"https:\/\/dr-thomas-gruber.com\/?page_id=238\">Knorpelzellz\u00fcchtungen<\/a><\/h3>\n<h3 style=\"text-align: center;\"><a title=\"Beispiele von besonderen operativen F\u00e4llen\" href=\"https:\/\/dr-thomas-gruber.com\/?page_id=240\">Beispiele von besonderen operativen F\u00e4llen<\/a><\/h3>\n","protected":false},"excerpt":{"rendered":"<p>H\u00fcftendoprothetik Knieendoprothetik Fu\u00dfchirurgie Schulterchirurgie Handchirurgie Knorpelzellz\u00fcchtungen Beispiele von besonderen operativen F\u00e4llen<\/p>\n","protected":false},"author":1,"featured_media":0,"parent":0,"menu_order":0,"comment_status":"closed","ping_status":"open","template":"","meta":{"_exactmetrics_skip_tracking":false,"_exactmetrics_sitenote_active":false,"_exactmetrics_sitenote_note":"","_exactmetrics_sitenote_category":0,"footnotes":""},"class_list":["post-186","page","type-page","status-publish"],"_links":{"self":[{"href":"https:\/\/dr-thomas-gruber.com\/index.php?rest_route=\/wp\/v2\/pages\/186","targetHints":{"allow":["GET"]}}],"collection":[{"href":"https:\/\/dr-thomas-gruber.com\/index.php?rest_route=\/wp\/v2\/pages"}],"about":[{"href":"https:\/\/dr-thomas-gruber.com\/index.php?rest_route=\/wp\/v2\/types\/page"}],"author":[{"embeddable":true,"href":"https:\/\/dr-thomas-gruber.com\/index.php?rest_route=\/wp\/v2\/users\/1"}],"replies":[{"embeddable":true,"href":"https:\/\/dr-thomas-gruber.com\/index.php?rest_route=%2Fwp%2Fv2%2Fcomments&post=186"}],"version-history":[{"count":0,"href":"https:\/\/dr-thomas-gruber.com\/index.php?rest_route=\/wp\/v2\/pages\/186\/revisions"}],"wp:attachment":[{"href":"https:\/\/dr-thomas-gruber.com\/index.php?rest_route=%2Fwp%2Fv2%2Fmedia&parent=186"}],"curies":[{"name":"wp","href":"https:\/\/api.w.org\/{rel}","templated":true}]}}